{"id":36,"date":"2021-11-18T19:03:56","date_gmt":"2021-11-18T19:03:56","guid":{"rendered":"https:\/\/canperemarti.cat\/?page_id=36"},"modified":"2024-07-11T12:35:03","modified_gmt":"2024-07-11T12:35:03","slug":"inici","status":"publish","type":"page","link":"https:\/\/canperemarti.cat\/","title":{"rendered":"Can Pere Mart\u00ed"},"content":{"rendered":"\t\t<div data-elementor-type=\"wp-page\" data-elementor-id=\"36\" class=\"elementor elementor-36\">\n\t\t\t\t\t\t<section class=\"elementor-section elementor-top-section elementor-element elementor-element-7dfcaf21 elementor-section-height-full elementor-section-items-stretch elementor-section-content-middle elementor-reverse-tablet elementor-section-boxed elementor-section-height-default\" data-id=\"7dfcaf21\" data-element_type=\"section\" data-e-type=\"section\" data-settings=\"{&quot;background_background&quot;:&quot;classic&quot;}\">\n\t\t\t\t\t\t\t<div class=\"elementor-background-overlay\"><\/div>\n\t\t\t\t\t\t\t<div class=\"elementor-container elementor-column-gap-no\">\n\t\t\t\t\t<div class=\"elementor-column elementor-col-50 elementor-top-column elementor-element elementor-element-7edc2004\" data-id=\"7edc2004\" data-element_type=\"column\" data-e-type=\"column\" data-settings=\"{&quot;background_background&quot;:&quot;classic&quot;}\">\n\t\t\t<div class=\"elementor-widget-wrap elementor-element-populated\">\n\t\t\t\t\t\t<div class=\"elementor-element elementor-element-3ee6cf7a elementor-invisible elementor-widget elementor-widget-image\" data-id=\"3ee6cf7a\" data-element_type=\"widget\" data-e-type=\"widget\" data-settings=\"{&quot;_animation&quot;:&quot;slideInDown&quot;}\" data-widget_type=\"image.default\">\n\t\t\t\t\t\t\t\t\t\t\t\t\t\t\t<img fetchpriority=\"high\" decoding=\"async\" width=\"768\" height=\"1024\" src=\"https:\/\/canperemarti.cat\/wp-content\/uploads\/2022\/02\/IMG_6469-768x1024.jpg\" class=\"attachment-large size-large wp-image-472\" alt=\"\" srcset=\"https:\/\/canperemarti.cat\/wp-content\/uploads\/2022\/02\/IMG_6469-768x1024.jpg 768w, https:\/\/canperemarti.cat\/wp-content\/uploads\/2022\/02\/IMG_6469-225x300.jpg 225w, https:\/\/canperemarti.cat\/wp-content\/uploads\/2022\/02\/IMG_6469-1152x1536.jpg 1152w, https:\/\/canperemarti.cat\/wp-content\/uploads\/2022\/02\/IMG_6469-1536x2048.jpg 1536w, https:\/\/canperemarti.cat\/wp-content\/uploads\/2022\/02\/IMG_6469-scaled.jpg 1920w\" sizes=\"(max-width: 768px) 100vw, 768px\" \/>\t\t\t\t\t\t\t\t\t\t\t\t\t\t\t<\/div>\n\t\t\t\t\t<\/div>\n\t\t<\/div>\n\t\t\t\t<div class=\"elementor-column elementor-col-50 elementor-top-column elementor-element elementor-element-2ee9074b\" data-id=\"2ee9074b\" data-element_type=\"column\" data-e-type=\"column\" data-settings=\"{&quot;background_background&quot;:&quot;classic&quot;}\">\n\t\t\t<div class=\"elementor-widget-wrap elementor-element-populated\">\n\t\t\t\t\t\t<div class=\"elementor-element elementor-element-2fd4bee6 elementor-invisible elementor-widget elementor-widget-heading\" data-id=\"2fd4bee6\" data-element_type=\"widget\" data-e-type=\"widget\" data-settings=\"{&quot;_animation&quot;:&quot;fadeInUp&quot;,&quot;_animation_delay&quot;:200}\" data-widget_type=\"heading.default\">\n\t\t\t\t\t<h1 class=\"elementor-heading-title elementor-size-default\">Can Pere Mart\u00ed<\/h1>\t\t\t\t<\/div>\n\t\t\t\t<div class=\"elementor-element elementor-element-38f886dc elementor-invisible elementor-widget elementor-widget-text-editor\" data-id=\"38f886dc\" data-element_type=\"widget\" data-e-type=\"widget\" data-settings=\"{&quot;_animation&quot;:&quot;fadeInUp&quot;,&quot;_animation_delay&quot;:400}\" data-widget_type=\"text-editor.default\">\n\t\t\t\t\t\t\t\t\t<p>Can Pere Mart\u00ed \u00e9s una masia del segle XVIII i \u00e9s allotjament rural des del 2009<\/p><p>Es troba en<i> <\/i>un entorn natural i ple de tranquil\u00b7litat a la comarca de l&#8217;Anoia<\/p>\t\t\t\t\t\t\t\t<\/div>\n\t\t\t\t<div class=\"elementor-element elementor-element-24ac5b32 elementor-widget__width-initial elementor-widget-tablet__width-inherit elementor-widget-mobile__width-inherit elementor-absolute elementor-widget elementor-widget-spacer\" data-id=\"24ac5b32\" data-element_type=\"widget\" data-e-type=\"widget\" data-settings=\"{&quot;_position&quot;:&quot;absolute&quot;}\" data-widget_type=\"spacer.default\">\n\t\t\t\t\t\t\t<div class=\"elementor-spacer\">\n\t\t\t<div class=\"elementor-spacer-inner\"><\/div>\n\t\t<\/div>\n\t\t\t\t\t\t<\/div>\n\t\t\t\t\t<\/div>\n\t\t<\/div>\n\t\t\t\t\t<\/div>\n\t\t<\/section>\n\t\t\t\t<section class=\"elementor-section elementor-top-section elementor-element elementor-element-2176254 elementor-section-boxed elementor-section-height-default elementor-section-height-default\" data-id=\"2176254\" data-element_type=\"section\" data-e-type=\"section\">\n\t\t\t\t\t\t<div class=\"elementor-container elementor-column-gap-default\">\n\t\t\t\t\t<div class=\"elementor-column elementor-col-100 elementor-top-column elementor-element elementor-element-d8f8ff3\" data-id=\"d8f8ff3\" data-element_type=\"column\" data-e-type=\"column\">\n\t\t\t<div class=\"elementor-widget-wrap elementor-element-populated\">\n\t\t\t\t\t\t<div class=\"elementor-element elementor-element-95bce6a elementor-widget elementor-widget-heading\" data-id=\"95bce6a\" data-element_type=\"widget\" data-e-type=\"widget\" data-widget_type=\"heading.default\">\n\t\t\t\t\t<h4 class=\"elementor-heading-title elementor-size-default\">La masia condicionada i rehabilitada mant\u00e9 el seu car\u00e0cter rural<\/h4>\t\t\t\t<\/div>\n\t\t\t\t\t<\/div>\n\t\t<\/div>\n\t\t\t\t\t<\/div>\n\t\t<\/section>\n\t\t\t\t<section class=\"elementor-section elementor-top-section elementor-element elementor-element-5805b8ab elementor-section-full_width elementor-section-height-min-height elementor-section-items-stretch elementor-section-content-middle elementor-section-height-default\" data-id=\"5805b8ab\" data-element_type=\"section\" data-e-type=\"section\">\n\t\t\t\t\t\t<div class=\"elementor-container elementor-column-gap-no\">\n\t\t\t\t\t<div class=\"elementor-column elementor-col-100 elementor-top-column elementor-element elementor-element-3fc9d843\" data-id=\"3fc9d843\" data-element_type=\"column\" data-e-type=\"column\">\n\t\t\t<div class=\"elementor-widget-wrap elementor-element-populated\">\n\t\t\t\t\t\t<div class=\"elementor-element elementor-element-3cae6097 elementor-widget__width-auto elementor-absolute elementor-invisible elementor-widget elementor-widget-image\" data-id=\"3cae6097\" data-element_type=\"widget\" data-e-type=\"widget\" data-settings=\"{&quot;_animation&quot;:&quot;slideInLeft&quot;,&quot;_position&quot;:&quot;absolute&quot;}\" data-widget_type=\"image.default\">\n\t\t\t\t\t\t\t\t\t\t\t\t\t\t\t<img decoding=\"async\" width=\"800\" height=\"600\" src=\"https:\/\/canperemarti.cat\/wp-content\/uploads\/2021\/12\/cropped-CASA-GRAN-1-scaled-1-1024x768.jpg\" class=\"attachment-large size-large wp-image-95\" alt=\"\" srcset=\"https:\/\/canperemarti.cat\/wp-content\/uploads\/2021\/12\/cropped-CASA-GRAN-1-scaled-1-1024x768.jpg 1024w, https:\/\/canperemarti.cat\/wp-content\/uploads\/2021\/12\/cropped-CASA-GRAN-1-scaled-1-300x225.jpg 300w, https:\/\/canperemarti.cat\/wp-content\/uploads\/2021\/12\/cropped-CASA-GRAN-1-scaled-1-768x576.jpg 768w, https:\/\/canperemarti.cat\/wp-content\/uploads\/2021\/12\/cropped-CASA-GRAN-1-scaled-1-1536x1152.jpg 1536w, https:\/\/canperemarti.cat\/wp-content\/uploads\/2021\/12\/cropped-CASA-GRAN-1-scaled-1-2048x1536.jpg 2048w, https:\/\/canperemarti.cat\/wp-content\/uploads\/2021\/12\/cropped-CASA-GRAN-1-scaled-1-1200x900.jpg 1200w, https:\/\/canperemarti.cat\/wp-content\/uploads\/2021\/12\/cropped-CASA-GRAN-1-scaled-1-1980x1485.jpg 1980w\" sizes=\"(max-width: 800px) 100vw, 800px\" \/>\t\t\t\t\t\t\t\t\t\t\t\t\t\t\t<\/div>\n\t\t\t\t<div class=\"elementor-element elementor-element-1864506 elementor-widget elementor-widget-spacer\" data-id=\"1864506\" data-element_type=\"widget\" data-e-type=\"widget\" data-widget_type=\"spacer.default\">\n\t\t\t\t\t\t\t<div class=\"elementor-spacer\">\n\t\t\t<div class=\"elementor-spacer-inner\"><\/div>\n\t\t<\/div>\n\t\t\t\t\t\t<\/div>\n\t\t\t\t<div class=\"elementor-element elementor-element-3128f5c7 elementor-widget__width-auto elementor-absolute elementor-invisible elementor-widget elementor-widget-image\" data-id=\"3128f5c7\" data-element_type=\"widget\" data-e-type=\"widget\" data-settings=\"{&quot;_animation&quot;:&quot;slideInRight&quot;,&quot;_animation_delay&quot;:200,&quot;_position&quot;:&quot;absolute&quot;}\" data-widget_type=\"image.default\">\n\t\t\t\t\t\t\t\t\t\t\t\t\t\t\t<img decoding=\"async\" width=\"768\" height=\"1024\" src=\"https:\/\/canperemarti.cat\/wp-content\/uploads\/2022\/02\/1607802578680-768x1024.jpg\" class=\"attachment-large size-large wp-image-473\" alt=\"\" srcset=\"https:\/\/canperemarti.cat\/wp-content\/uploads\/2022\/02\/1607802578680-768x1024.jpg 768w, https:\/\/canperemarti.cat\/wp-content\/uploads\/2022\/02\/1607802578680-225x300.jpg 225w, https:\/\/canperemarti.cat\/wp-content\/uploads\/2022\/02\/1607802578680-1152x1536.jpg 1152w, https:\/\/canperemarti.cat\/wp-content\/uploads\/2022\/02\/1607802578680-1536x2048.jpg 1536w, https:\/\/canperemarti.cat\/wp-content\/uploads\/2022\/02\/1607802578680-scaled.jpg 1920w\" sizes=\"(max-width: 768px) 100vw, 768px\" \/>\t\t\t\t\t\t\t\t\t\t\t\t\t\t\t<\/div>\n\t\t\t\t<section class=\"elementor-section elementor-inner-section elementor-element elementor-element-5aebdbb7 elementor-section-height-min-height elementor-section-content-middle elementor-section-boxed elementor-section-height-default\" data-id=\"5aebdbb7\" data-element_type=\"section\" data-e-type=\"section\" data-settings=\"{&quot;background_background&quot;:&quot;classic&quot;}\">\n\t\t\t\t\t\t<div class=\"elementor-container elementor-column-gap-no\">\n\t\t\t\t\t<div class=\"elementor-column elementor-col-100 elementor-inner-column elementor-element elementor-element-6fb6ab7\" data-id=\"6fb6ab7\" data-element_type=\"column\" data-e-type=\"column\">\n\t\t\t<div class=\"elementor-widget-wrap elementor-element-populated\">\n\t\t\t\t\t\t<div class=\"elementor-element elementor-element-70fb1a2d elementor-invisible elementor-widget elementor-widget-heading\" data-id=\"70fb1a2d\" data-element_type=\"widget\" data-e-type=\"widget\" data-settings=\"{&quot;_animation&quot;:&quot;fadeIn&quot;}\" data-widget_type=\"heading.default\">\n\t\t\t\t\t<h2 class=\"elementor-heading-title elementor-size-default\">La casa<\/h2>\t\t\t\t<\/div>\n\t\t\t\t<div class=\"elementor-element elementor-element-2504bc64 elementor-invisible elementor-widget elementor-widget-text-editor\" data-id=\"2504bc64\" data-element_type=\"widget\" data-e-type=\"widget\" data-settings=\"{&quot;_animation&quot;:&quot;fadeIn&quot;,&quot;_animation_delay&quot;:200}\" data-widget_type=\"text-editor.default\">\n\t\t\t\t\t\t\t\t\t<h4>La casa t\u00e9 una disponibilitat de nou persones<\/h4><h4>La planta baixa disposa de cuina, menjador, rebost, sala d&#8217;estar amb llar de foc i un bany complet<\/h4><h4>La primera planta t\u00e9 les quatre habitacions i tamb\u00e9 un bany<\/h4>\t\t\t\t\t\t\t\t<\/div>\n\t\t\t\t<div class=\"elementor-element elementor-element-171df424 elementor-mobile-align-center elementor-widget elementor-widget-button\" data-id=\"171df424\" data-element_type=\"widget\" data-e-type=\"widget\" data-widget_type=\"button.default\">\n\t\t\t\t\t\t\t\t\t\t<a class=\"elementor-button elementor-button-link elementor-size-xs\" href=\"https:\/\/canperemarti.cat\/index.php\/la-casa\/\">\n\t\t\t\t\t\t<span class=\"elementor-button-content-wrapper\">\n\t\t\t\t\t\t\t\t\t<span class=\"elementor-button-text\">M\u00e9s informaci\u00f3<\/span>\n\t\t\t\t\t<\/span>\n\t\t\t\t\t<\/a>\n\t\t\t\t\t\t\t\t<\/div>\n\t\t\t\t\t<\/div>\n\t\t<\/div>\n\t\t\t\t\t<\/div>\n\t\t<\/section>\n\t\t\t\t\t<\/div>\n\t\t<\/div>\n\t\t\t\t\t<\/div>\n\t\t<\/section>\n\t\t\t\t<section class=\"elementor-section elementor-top-section elementor-element elementor-element-d7d651c elementor-section-boxed elementor-section-height-default elementor-section-height-default\" data-id=\"d7d651c\" data-element_type=\"section\" data-e-type=\"section\">\n\t\t\t\t\t\t<div class=\"elementor-container elementor-column-gap-default\">\n\t\t\t\t\t<div class=\"elementor-column elementor-col-100 elementor-top-column elementor-element elementor-element-e6e719b\" data-id=\"e6e719b\" data-element_type=\"column\" data-e-type=\"column\">\n\t\t\t<div class=\"elementor-widget-wrap\">\n\t\t\t\t\t\t\t<\/div>\n\t\t<\/div>\n\t\t\t\t\t<\/div>\n\t\t<\/section>\n\t\t\t\t<section class=\"elementor-section elementor-top-section elementor-element elementor-element-2b66ca7 elementor-section-content-middle elementor-section-boxed elementor-section-height-default elementor-section-height-default\" data-id=\"2b66ca7\" data-element_type=\"section\" data-e-type=\"section\">\n\t\t\t\t\t\t<div class=\"elementor-container elementor-column-gap-no\">\n\t\t\t\t\t<div class=\"elementor-column elementor-col-33 elementor-top-column elementor-element elementor-element-6eadaf8b\" data-id=\"6eadaf8b\" data-element_type=\"column\" data-e-type=\"column\">\n\t\t\t<div class=\"elementor-widget-wrap elementor-element-populated\">\n\t\t\t\t\t\t<div class=\"elementor-element elementor-element-6de7a088 elementor-widget elementor-widget-heading\" data-id=\"6de7a088\" data-element_type=\"widget\" data-e-type=\"widget\" data-widget_type=\"heading.default\">\n\t\t\t\t\t<h3 class=\"elementor-heading-title elementor-size-default\">Nosaltres<\/h3>\t\t\t\t<\/div>\n\t\t\t\t<div class=\"elementor-element elementor-element-1b980e18 elementor-widget elementor-widget-text-editor\" data-id=\"1b980e18\" data-element_type=\"widget\" data-e-type=\"widget\" data-widget_type=\"text-editor.default\">\n\t\t\t\t\t\t\t\t\t<p>\u00a0<\/p><p>Som una fam\u00edlia arrelada a la masia amb motivacions per el nostre entorn i els animals, sobretot els cavalls<\/p>\t\t\t\t\t\t\t\t<\/div>\n\t\t\t\t<div class=\"elementor-element elementor-element-7ed2692f elementor-widget elementor-widget-image\" data-id=\"7ed2692f\" data-element_type=\"widget\" data-e-type=\"widget\" data-widget_type=\"image.default\">\n\t\t\t\t\t\t\t\t\t\t\t\t\t\t\t<img loading=\"lazy\" decoding=\"async\" width=\"800\" height=\"1000\" src=\"https:\/\/canperemarti.cat\/wp-content\/uploads\/2022\/02\/CASA-PETITA-1-edit-819x1024.jpg\" class=\"elementor-animation-grow attachment-large size-large wp-image-477\" alt=\"\" srcset=\"https:\/\/canperemarti.cat\/wp-content\/uploads\/2022\/02\/CASA-PETITA-1-edit-819x1024.jpg 819w, https:\/\/canperemarti.cat\/wp-content\/uploads\/2022\/02\/CASA-PETITA-1-edit-240x300.jpg 240w, https:\/\/canperemarti.cat\/wp-content\/uploads\/2022\/02\/CASA-PETITA-1-edit-768x960.jpg 768w, https:\/\/canperemarti.cat\/wp-content\/uploads\/2022\/02\/CASA-PETITA-1-edit-1229x1536.jpg 1229w, https:\/\/canperemarti.cat\/wp-content\/uploads\/2022\/02\/CASA-PETITA-1-edit-1638x2048.jpg 1638w, https:\/\/canperemarti.cat\/wp-content\/uploads\/2022\/02\/CASA-PETITA-1-edit-scaled.jpg 2048w\" sizes=\"(max-width: 800px) 100vw, 800px\" \/>\t\t\t\t\t\t\t\t\t\t\t\t\t\t\t<\/div>\n\t\t\t\t\t<\/div>\n\t\t<\/div>\n\t\t\t\t<div class=\"elementor-column elementor-col-33 elementor-top-column elementor-element elementor-element-55a476ca\" data-id=\"55a476ca\" data-element_type=\"column\" data-e-type=\"column\">\n\t\t\t<div class=\"elementor-widget-wrap elementor-element-populated\">\n\t\t\t\t\t\t<div class=\"elementor-element elementor-element-3cd09869 elementor-widget elementor-widget-image\" data-id=\"3cd09869\" data-element_type=\"widget\" data-e-type=\"widget\" data-widget_type=\"image.default\">\n\t\t\t\t\t\t\t\t\t\t\t\t\t\t\t<img loading=\"lazy\" decoding=\"async\" width=\"1037\" height=\"1296\" src=\"https:\/\/canperemarti.cat\/wp-content\/uploads\/2022\/02\/DSC_0060.jpg\" class=\"elementor-animation-grow attachment-full size-full wp-image-480\" alt=\"\" srcset=\"https:\/\/canperemarti.cat\/wp-content\/uploads\/2022\/02\/DSC_0060.jpg 1037w, https:\/\/canperemarti.cat\/wp-content\/uploads\/2022\/02\/DSC_0060-240x300.jpg 240w, https:\/\/canperemarti.cat\/wp-content\/uploads\/2022\/02\/DSC_0060-819x1024.jpg 819w, https:\/\/canperemarti.cat\/wp-content\/uploads\/2022\/02\/DSC_0060-768x960.jpg 768w\" sizes=\"(max-width: 1037px) 100vw, 1037px\" \/>\t\t\t\t\t\t\t\t\t\t\t\t\t\t\t<\/div>\n\t\t\t\t\t<\/div>\n\t\t<\/div>\n\t\t\t\t<div class=\"elementor-column elementor-col-33 elementor-top-column elementor-element elementor-element-14630d55\" data-id=\"14630d55\" data-element_type=\"column\" data-e-type=\"column\">\n\t\t\t<div class=\"elementor-widget-wrap elementor-element-populated\">\n\t\t\t\t\t\t<div class=\"elementor-element elementor-element-3c0dcfe4 elementor-widget elementor-widget-image\" data-id=\"3c0dcfe4\" data-element_type=\"widget\" data-e-type=\"widget\" data-widget_type=\"image.default\">\n\t\t\t\t\t\t\t\t\t\t\t\t\t\t\t<img loading=\"lazy\" decoding=\"async\" width=\"800\" height=\"640\" src=\"https:\/\/canperemarti.cat\/wp-content\/uploads\/2022\/02\/IMG_8388-1024x819.jpg\" class=\"elementor-animation-grow attachment-large size-large wp-image-478\" alt=\"\" srcset=\"https:\/\/canperemarti.cat\/wp-content\/uploads\/2022\/02\/IMG_8388-1024x819.jpg 1024w, https:\/\/canperemarti.cat\/wp-content\/uploads\/2022\/02\/IMG_8388-300x240.jpg 300w, https:\/\/canperemarti.cat\/wp-content\/uploads\/2022\/02\/IMG_8388-768x614.jpg 768w, https:\/\/canperemarti.cat\/wp-content\/uploads\/2022\/02\/IMG_8388-1536x1229.jpg 1536w, https:\/\/canperemarti.cat\/wp-content\/uploads\/2022\/02\/IMG_8388-2048x1638.jpg 2048w\" sizes=\"(max-width: 800px) 100vw, 800px\" \/>\t\t\t\t\t\t\t\t\t\t\t\t\t\t\t<\/div>\n\t\t\t\t<div class=\"elementor-element elementor-element-2028e35 elementor-widget elementor-widget-text-editor\" data-id=\"2028e35\" data-element_type=\"widget\" data-e-type=\"widget\" data-widget_type=\"text-editor.default\">\n\t\t\t\t\t\t\t\t\t<p>\u00a0<\/p><p>Ens entusiasma compartir l&#8217;espai amb grups i fam\u00edlies que vulguin gaudir i respectar l&#8217;entorn natural<\/p>\t\t\t\t\t\t\t\t<\/div>\n\t\t\t\t\t<\/div>\n\t\t<\/div>\n\t\t\t\t\t<\/div>\n\t\t<\/section>\n\t\t\t\t<\/div>\n\t\t","protected":false},"excerpt":{"rendered":"<p>Can Pere Mart\u00ed Can Pere Mart\u00ed \u00e9s una masia del segle XVIII i \u00e9s allotjament rural des del 2009 Es troba en un entorn natural i ple de tranquil\u00b7litat a la comarca de l&#8217;Anoia La masia condicionada i rehabilitada mant\u00e9 el seu car\u00e0cter rural La casa La casa t\u00e9 una disponibilitat de nou persones La [&hellip;]<\/p>\n","protected":false},"author":1,"featured_media":0,"parent":0,"menu_order":0,"comment_status":"closed","ping_status":"closed","template":"elementor_theme","meta":{"_eb_attr":"","footnotes":""},"class_list":["post-36","page","type-page","status-publish","hentry"],"aioseo_notices":[],"jetpack_sharing_enabled":true,"_links":{"self":[{"href":"https:\/\/canperemarti.cat\/index.php\/wp-json\/wp\/v2\/pages\/36","targetHints":{"allow":["GET"]}}],"collection":[{"href":"https:\/\/canperemarti.cat\/index.php\/wp-json\/wp\/v2\/pages"}],"about":[{"href":"https:\/\/canperemarti.cat\/index.php\/wp-json\/wp\/v2\/types\/page"}],"author":[{"embeddable":true,"href":"https:\/\/canperemarti.cat\/index.php\/wp-json\/wp\/v2\/users\/1"}],"replies":[{"embeddable":true,"href":"https:\/\/canperemarti.cat\/index.php\/wp-json\/wp\/v2\/comments?post=36"}],"version-history":[{"count":148,"href":"https:\/\/canperemarti.cat\/index.php\/wp-json\/wp\/v2\/pages\/36\/revisions"}],"predecessor-version":[{"id":941,"href":"https:\/\/canperemarti.cat\/index.php\/wp-json\/wp\/v2\/pages\/36\/revisions\/941"}],"wp:attachment":[{"href":"https:\/\/canperemarti.cat\/index.php\/wp-json\/wp\/v2\/media?parent=36"}],"curies":[{"name":"wp","href":"https:\/\/api.w.org\/{rel}","templated":true}]}}