{"id":46,"date":"2021-11-18T19:03:56","date_gmt":"2021-11-18T19:03:56","guid":{"rendered":"https:\/\/canperemarti.cat\/?page_id=46"},"modified":"2022-05-24T15:47:33","modified_gmt":"2022-05-24T15:47:33","slug":"entorn","status":"publish","type":"page","link":"https:\/\/canperemarti.cat\/index.php\/entorn\/","title":{"rendered":"Entorn"},"content":{"rendered":"\t\t<div data-elementor-type=\"wp-page\" data-elementor-id=\"46\" class=\"elementor elementor-46\">\n\t\t\t\t\t\t<section class=\"elementor-section elementor-top-section elementor-element elementor-element-1b64d7cf elementor-section-full_width elementor-section-height-min-height elementor-section-height-default elementor-section-items-middle\" data-id=\"1b64d7cf\" data-element_type=\"section\" data-e-type=\"section\">\n\t\t\t\t\t\t<div class=\"elementor-container elementor-column-gap-no\">\n\t\t\t\t\t<div class=\"elementor-column elementor-col-100 elementor-top-column elementor-element elementor-element-1dc8d86\" data-id=\"1dc8d86\" data-element_type=\"column\" data-e-type=\"column\">\n\t\t\t<div class=\"elementor-widget-wrap elementor-element-populated\">\n\t\t\t\t\t\t<div class=\"elementor-element elementor-element-3ff405ff elementor-invisible elementor-widget elementor-widget-image\" data-id=\"3ff405ff\" data-element_type=\"widget\" data-e-type=\"widget\" data-settings=\"{&quot;_animation&quot;:&quot;fadeInUp&quot;}\" data-widget_type=\"image.default\">\n\t\t\t\t\t\t\t\t\t\t\t\t\t\t\t<img fetchpriority=\"high\" decoding=\"async\" width=\"2048\" height=\"1536\" src=\"https:\/\/canperemarti.cat\/wp-content\/uploads\/2021\/12\/PISCINA-GENERAL-2-2-scaled-2048x1536.jpg\" class=\"attachment-2048x2048 size-2048x2048 wp-image-154\" alt=\"\" srcset=\"https:\/\/canperemarti.cat\/wp-content\/uploads\/2021\/12\/PISCINA-GENERAL-2-2-scaled-2048x1536.jpg 2048w, https:\/\/canperemarti.cat\/wp-content\/uploads\/2021\/12\/PISCINA-GENERAL-2-2-scaled-300x225.jpg 300w, https:\/\/canperemarti.cat\/wp-content\/uploads\/2021\/12\/PISCINA-GENERAL-2-2-scaled-1024x768.jpg 1024w, https:\/\/canperemarti.cat\/wp-content\/uploads\/2021\/12\/PISCINA-GENERAL-2-2-scaled-768x576.jpg 768w, https:\/\/canperemarti.cat\/wp-content\/uploads\/2021\/12\/PISCINA-GENERAL-2-2-scaled-1536x1152.jpg 1536w, https:\/\/canperemarti.cat\/wp-content\/uploads\/2021\/12\/PISCINA-GENERAL-2-2-scaled-1200x900.jpg 1200w, https:\/\/canperemarti.cat\/wp-content\/uploads\/2021\/12\/PISCINA-GENERAL-2-2-scaled-1980x1485.jpg 1980w\" sizes=\"(max-width: 2048px) 100vw, 2048px\" \/>\t\t\t\t\t\t\t\t\t\t\t\t\t\t\t<\/div>\n\t\t\t\t<div class=\"elementor-element elementor-element-18914929 elementor-invisible elementor-widget elementor-widget-heading\" data-id=\"18914929\" data-element_type=\"widget\" data-e-type=\"widget\" data-settings=\"{&quot;_animation&quot;:&quot;fadeInDown&quot;}\" data-widget_type=\"heading.default\">\n\t\t\t\t\t<h1 class=\"elementor-heading-title elementor-size-default\"><br><br><br><h2 data-elementor-setting-key=\"title\" data-pen-placeholder=\"Escriviu aqu\u00ed...\" style=\"font-family: Ovo, sans-serif;line-height: 1;font-size: 2rem;letter-spacing: normal;text-transform: none\">A part dels serveis de la casa, t'oferim un entorn amb oportunitats<\/h2><br><\/h1>\t\t\t\t<\/div>\n\t\t\t\t<section class=\"elementor-section elementor-inner-section elementor-element elementor-element-5f5d198a elementor-section-content-middle elementor-section-boxed elementor-section-height-default elementor-section-height-default\" data-id=\"5f5d198a\" data-element_type=\"section\" data-e-type=\"section\">\n\t\t\t\t\t\t<div class=\"elementor-container elementor-column-gap-no\">\n\t\t\t\t\t<div class=\"elementor-column elementor-col-33 elementor-inner-column elementor-element elementor-element-3dc8a00f\" data-id=\"3dc8a00f\" data-element_type=\"column\" data-e-type=\"column\">\n\t\t\t<div class=\"elementor-widget-wrap elementor-element-populated\">\n\t\t\t\t\t\t<div class=\"elementor-element elementor-element-7c7bc041 elementor-widget elementor-widget-image\" data-id=\"7c7bc041\" data-element_type=\"widget\" data-e-type=\"widget\" data-widget_type=\"image.default\">\n\t\t\t\t\t\t\t\t\t\t\t\t\t\t\t<img decoding=\"async\" width=\"800\" height=\"600\" src=\"https:\/\/canperemarti.cat\/wp-content\/uploads\/2022\/01\/PISCINETA-2-1024x768.jpg\" class=\"attachment-large size-large wp-image-230\" alt=\"\" srcset=\"https:\/\/canperemarti.cat\/wp-content\/uploads\/2022\/01\/PISCINETA-2-1024x768.jpg 1024w, https:\/\/canperemarti.cat\/wp-content\/uploads\/2022\/01\/PISCINETA-2-300x225.jpg 300w, https:\/\/canperemarti.cat\/wp-content\/uploads\/2022\/01\/PISCINETA-2-768x576.jpg 768w, https:\/\/canperemarti.cat\/wp-content\/uploads\/2022\/01\/PISCINETA-2-1536x1152.jpg 1536w, https:\/\/canperemarti.cat\/wp-content\/uploads\/2022\/01\/PISCINETA-2-2048x1536.jpg 2048w, https:\/\/canperemarti.cat\/wp-content\/uploads\/2022\/01\/PISCINETA-2-1200x900.jpg 1200w, https:\/\/canperemarti.cat\/wp-content\/uploads\/2022\/01\/PISCINETA-2-1980x1485.jpg 1980w\" sizes=\"(max-width: 800px) 100vw, 800px\" \/>\t\t\t\t\t\t\t\t\t\t\t\t\t\t\t<\/div>\n\t\t\t\t\t<\/div>\n\t\t<\/div>\n\t\t\t\t<div class=\"elementor-column elementor-col-33 elementor-inner-column elementor-element elementor-element-100200db\" data-id=\"100200db\" data-element_type=\"column\" data-e-type=\"column\">\n\t\t\t<div class=\"elementor-widget-wrap elementor-element-populated\">\n\t\t\t\t\t\t<div class=\"elementor-element elementor-element-520d4b33 elementor-widget elementor-widget-heading\" data-id=\"520d4b33\" data-element_type=\"widget\" data-e-type=\"widget\" data-widget_type=\"heading.default\">\n\t\t\t\t\t<h2 class=\"elementor-heading-title elementor-size-default\">La Caseta<\/h2>\t\t\t\t<\/div>\n\t\t\t\t<div class=\"elementor-element elementor-element-31b10685 elementor-widget elementor-widget-text-editor\" data-id=\"31b10685\" data-element_type=\"widget\" data-e-type=\"widget\" data-widget_type=\"text-editor.default\">\n\t\t\t\t\t\t\t\t\t<p>Espai d&#8217;esbarjo infantil disponible<\/p>\t\t\t\t\t\t\t\t<\/div>\n\t\t\t\t\t<\/div>\n\t\t<\/div>\n\t\t\t\t<div class=\"elementor-column elementor-col-33 elementor-inner-column elementor-element elementor-element-65716e8b\" data-id=\"65716e8b\" data-element_type=\"column\" data-e-type=\"column\">\n\t\t\t<div class=\"elementor-widget-wrap elementor-element-populated\">\n\t\t\t\t\t\t<div class=\"elementor-element elementor-element-750819c7 elementor-widget elementor-widget-image\" data-id=\"750819c7\" data-element_type=\"widget\" data-e-type=\"widget\" data-widget_type=\"image.default\">\n\t\t\t\t\t\t\t\t\t\t\t\t\t\t\t<img decoding=\"async\" width=\"800\" height=\"600\" src=\"https:\/\/canperemarti.cat\/wp-content\/uploads\/2022\/02\/DES-DE-FORA-FRONTAL-2-1024x768.jpg\" class=\"attachment-large size-large wp-image-281\" alt=\"\" srcset=\"https:\/\/canperemarti.cat\/wp-content\/uploads\/2022\/02\/DES-DE-FORA-FRONTAL-2-1024x768.jpg 1024w, https:\/\/canperemarti.cat\/wp-content\/uploads\/2022\/02\/DES-DE-FORA-FRONTAL-2-300x225.jpg 300w, https:\/\/canperemarti.cat\/wp-content\/uploads\/2022\/02\/DES-DE-FORA-FRONTAL-2-768x576.jpg 768w, https:\/\/canperemarti.cat\/wp-content\/uploads\/2022\/02\/DES-DE-FORA-FRONTAL-2-1536x1152.jpg 1536w, https:\/\/canperemarti.cat\/wp-content\/uploads\/2022\/02\/DES-DE-FORA-FRONTAL-2-2048x1536.jpg 2048w, https:\/\/canperemarti.cat\/wp-content\/uploads\/2022\/02\/DES-DE-FORA-FRONTAL-2-1200x900.jpg 1200w, https:\/\/canperemarti.cat\/wp-content\/uploads\/2022\/02\/DES-DE-FORA-FRONTAL-2-1980x1485.jpg 1980w\" sizes=\"(max-width: 800px) 100vw, 800px\" \/>\t\t\t\t\t\t\t\t\t\t\t\t\t\t\t<\/div>\n\t\t\t\t\t<\/div>\n\t\t<\/div>\n\t\t\t\t\t<\/div>\n\t\t<\/section>\n\t\t\t\t<section class=\"elementor-section elementor-inner-section elementor-element elementor-element-7a2916c elementor-section-content-middle elementor-section-boxed elementor-section-height-default elementor-section-height-default\" data-id=\"7a2916c\" data-element_type=\"section\" data-e-type=\"section\">\n\t\t\t\t\t\t<div class=\"elementor-container elementor-column-gap-no\">\n\t\t\t\t\t<div class=\"elementor-column elementor-col-33 elementor-inner-column elementor-element elementor-element-4ec90958\" data-id=\"4ec90958\" data-element_type=\"column\" data-e-type=\"column\">\n\t\t\t<div class=\"elementor-widget-wrap elementor-element-populated\">\n\t\t\t\t\t\t<div class=\"elementor-element elementor-element-682f6b8d elementor-widget elementor-widget-heading\" data-id=\"682f6b8d\" data-element_type=\"widget\" data-e-type=\"widget\" data-widget_type=\"heading.default\">\n\t\t\t\t\t<h2 class=\"elementor-heading-title elementor-size-default\">Piscina<\/h2>\t\t\t\t<\/div>\n\t\t\t\t<div class=\"elementor-element elementor-element-4ac548f5 elementor-widget elementor-widget-text-editor\" data-id=\"4ac548f5\" data-element_type=\"widget\" data-e-type=\"widget\" data-widget_type=\"text-editor.default\">\n\t\t\t\t\t\t\t\t\t<p>Espai de piscina amb p\u00e8rgola\u00a0<\/p>\t\t\t\t\t\t\t\t<\/div>\n\t\t\t\t\t<\/div>\n\t\t<\/div>\n\t\t\t\t<div class=\"elementor-column elementor-col-33 elementor-inner-column elementor-element elementor-element-64494e8c\" data-id=\"64494e8c\" data-element_type=\"column\" data-e-type=\"column\">\n\t\t\t<div class=\"elementor-widget-wrap elementor-element-populated\">\n\t\t\t\t\t\t<div class=\"elementor-element elementor-element-4cfd100e elementor-widget elementor-widget-image\" data-id=\"4cfd100e\" data-element_type=\"widget\" data-e-type=\"widget\" data-widget_type=\"image.default\">\n\t\t\t\t\t\t\t\t\t\t\t\t\t\t\t<img loading=\"lazy\" decoding=\"async\" width=\"800\" height=\"600\" src=\"https:\/\/canperemarti.cat\/wp-content\/uploads\/2022\/02\/IMG_8476-1-1024x768.jpg\" class=\"attachment-large size-large wp-image-554\" alt=\"\" srcset=\"https:\/\/canperemarti.cat\/wp-content\/uploads\/2022\/02\/IMG_8476-1-1024x768.jpg 1024w, https:\/\/canperemarti.cat\/wp-content\/uploads\/2022\/02\/IMG_8476-1-300x225.jpg 300w, https:\/\/canperemarti.cat\/wp-content\/uploads\/2022\/02\/IMG_8476-1-768x576.jpg 768w, https:\/\/canperemarti.cat\/wp-content\/uploads\/2022\/02\/IMG_8476-1-1536x1152.jpg 1536w, https:\/\/canperemarti.cat\/wp-content\/uploads\/2022\/02\/IMG_8476-1-2048x1536.jpg 2048w\" sizes=\"(max-width: 800px) 100vw, 800px\" \/>\t\t\t\t\t\t\t\t\t\t\t\t\t\t\t<\/div>\n\t\t\t\t\t<\/div>\n\t\t<\/div>\n\t\t\t\t<div class=\"elementor-column elementor-col-33 elementor-inner-column elementor-element elementor-element-363a4fb7\" data-id=\"363a4fb7\" data-element_type=\"column\" data-e-type=\"column\">\n\t\t\t<div class=\"elementor-widget-wrap elementor-element-populated\">\n\t\t\t\t\t\t<div class=\"elementor-element elementor-element-59ae28b6 elementor-widget elementor-widget-heading\" data-id=\"59ae28b6\" data-element_type=\"widget\" data-e-type=\"widget\" data-widget_type=\"heading.default\">\n\t\t\t\t\t<h2 class=\"elementor-heading-title elementor-size-default\">P\u00e8rgola<\/h2>\t\t\t\t<\/div>\n\t\t\t\t<div class=\"elementor-element elementor-element-7949968f elementor-widget elementor-widget-text-editor\" data-id=\"7949968f\" data-element_type=\"widget\" data-e-type=\"widget\" data-widget_type=\"text-editor.default\">\n\t\t\t\t\t\t\t\t\t<p>Espai obert a l&#8217;exterior on poder fer \u00e0pats, trobades i\/o reunions a l&#8217;aire lliure<\/p>\t\t\t\t\t\t\t\t<\/div>\n\t\t\t\t\t<\/div>\n\t\t<\/div>\n\t\t\t\t\t<\/div>\n\t\t<\/section>\n\t\t\t\t<section class=\"elementor-section elementor-inner-section elementor-element elementor-element-99b805e elementor-section-content-middle elementor-section-boxed elementor-section-height-default elementor-section-height-default\" data-id=\"99b805e\" data-element_type=\"section\" data-e-type=\"section\">\n\t\t\t\t\t\t<div class=\"elementor-container elementor-column-gap-no\">\n\t\t\t\t\t<div class=\"elementor-column elementor-col-33 elementor-inner-column elementor-element elementor-element-0c90d96\" data-id=\"0c90d96\" data-element_type=\"column\" data-e-type=\"column\">\n\t\t\t<div class=\"elementor-widget-wrap elementor-element-populated\">\n\t\t\t\t\t\t<div class=\"elementor-element elementor-element-a278886 elementor-widget elementor-widget-image\" data-id=\"a278886\" data-element_type=\"widget\" data-e-type=\"widget\" data-widget_type=\"image.default\">\n\t\t\t\t\t\t\t\t\t\t\t\t\t\t\t<img loading=\"lazy\" decoding=\"async\" width=\"800\" height=\"640\" src=\"https:\/\/canperemarti.cat\/wp-content\/uploads\/2022\/02\/IMG_8502-1.jpg\" class=\"attachment-large size-large wp-image-612\" alt=\"\" srcset=\"https:\/\/canperemarti.cat\/wp-content\/uploads\/2022\/02\/IMG_8502-1.jpg 828w, https:\/\/canperemarti.cat\/wp-content\/uploads\/2022\/02\/IMG_8502-1-300x240.jpg 300w, https:\/\/canperemarti.cat\/wp-content\/uploads\/2022\/02\/IMG_8502-1-768x614.jpg 768w\" sizes=\"(max-width: 800px) 100vw, 800px\" \/>\t\t\t\t\t\t\t\t\t\t\t\t\t\t\t<\/div>\n\t\t\t\t\t<\/div>\n\t\t<\/div>\n\t\t\t\t<div class=\"elementor-column elementor-col-33 elementor-inner-column elementor-element elementor-element-1e45756\" data-id=\"1e45756\" data-element_type=\"column\" data-e-type=\"column\">\n\t\t\t<div class=\"elementor-widget-wrap elementor-element-populated\">\n\t\t\t\t\t\t<div class=\"elementor-element elementor-element-1351255 elementor-widget elementor-widget-heading\" data-id=\"1351255\" data-element_type=\"widget\" data-e-type=\"widget\" data-widget_type=\"heading.default\">\n\t\t\t\t\t<h2 class=\"elementor-heading-title elementor-size-default\">Barbacoa<\/h2>\t\t\t\t<\/div>\n\t\t\t\t<div class=\"elementor-element elementor-element-93d2ab3 elementor-widget elementor-widget-text-editor\" data-id=\"93d2ab3\" data-element_type=\"widget\" data-e-type=\"widget\" data-widget_type=\"text-editor.default\">\n\t\t\t\t\t\t\t\t\t<p>Opci\u00f3 de fer brasa en temporada d&#8217;hivern<\/p>\t\t\t\t\t\t\t\t<\/div>\n\t\t\t\t\t<\/div>\n\t\t<\/div>\n\t\t\t\t<div class=\"elementor-column elementor-col-33 elementor-inner-column elementor-element elementor-element-1ada613\" data-id=\"1ada613\" data-element_type=\"column\" data-e-type=\"column\">\n\t\t\t<div class=\"elementor-widget-wrap elementor-element-populated\">\n\t\t\t\t\t\t<div class=\"elementor-element elementor-element-f949b2e elementor-widget elementor-widget-image\" data-id=\"f949b2e\" data-element_type=\"widget\" data-e-type=\"widget\" data-widget_type=\"image.default\">\n\t\t\t\t\t\t\t\t\t\t\t\t\t\t\t<img loading=\"lazy\" decoding=\"async\" width=\"800\" height=\"640\" src=\"https:\/\/canperemarti.cat\/wp-content\/uploads\/2022\/02\/IMG_8482-2-1024x819.jpg\" class=\"attachment-large size-large wp-image-611\" alt=\"\" srcset=\"https:\/\/canperemarti.cat\/wp-content\/uploads\/2022\/02\/IMG_8482-2-1024x819.jpg 1024w, https:\/\/canperemarti.cat\/wp-content\/uploads\/2022\/02\/IMG_8482-2-300x240.jpg 300w, https:\/\/canperemarti.cat\/wp-content\/uploads\/2022\/02\/IMG_8482-2-768x614.jpg 768w, https:\/\/canperemarti.cat\/wp-content\/uploads\/2022\/02\/IMG_8482-2-1536x1229.jpg 1536w, https:\/\/canperemarti.cat\/wp-content\/uploads\/2022\/02\/IMG_8482-2-2048x1638.jpg 2048w\" sizes=\"(max-width: 800px) 100vw, 800px\" \/>\t\t\t\t\t\t\t\t\t\t\t\t\t\t\t<\/div>\n\t\t\t\t\t<\/div>\n\t\t<\/div>\n\t\t\t\t\t<\/div>\n\t\t<\/section>\n\t\t\t\t<div class=\"elementor-element elementor-element-da27d47 elementor-widget elementor-widget-heading\" data-id=\"da27d47\" data-element_type=\"widget\" data-e-type=\"widget\" data-widget_type=\"heading.default\">\n\t\t\t\t\t<h2 class=\"elementor-heading-title elementor-size-default\"><br><br><br>Tamb\u00e9 inclou una zona d'aparcament, jard\u00ed i espai d'animals<\/h2>\t\t\t\t<\/div>\n\t\t\t\t<div class=\"elementor-element elementor-element-807c228 elementor-widget elementor-widget-spacer\" data-id=\"807c228\" data-element_type=\"widget\" data-e-type=\"widget\" data-widget_type=\"spacer.default\">\n\t\t\t\t\t\t\t<div class=\"elementor-spacer\">\n\t\t\t<div class=\"elementor-spacer-inner\"><\/div>\n\t\t<\/div>\n\t\t\t\t\t\t<\/div>\n\t\t\t\t<div class=\"elementor-element elementor-element-567d7449 elementor-widget elementor-widget-heading\" data-id=\"567d7449\" data-element_type=\"widget\" data-e-type=\"widget\" data-widget_type=\"heading.default\">\n\t\t\t\t\t<h4 class=\"elementor-heading-title elementor-size-default\">Activitats a prop<\/h4>\t\t\t\t<\/div>\n\t\t\t\t<section class=\"elementor-section elementor-inner-section elementor-element elementor-element-44b6b019 elementor-section-content-middle elementor-section-boxed elementor-section-height-default elementor-section-height-default\" data-id=\"44b6b019\" data-element_type=\"section\" data-e-type=\"section\">\n\t\t\t\t\t\t<div class=\"elementor-container elementor-column-gap-no\">\n\t\t\t\t\t<div class=\"elementor-column elementor-col-50 elementor-inner-column elementor-element elementor-element-6c4e1231\" data-id=\"6c4e1231\" data-element_type=\"column\" data-e-type=\"column\">\n\t\t\t<div class=\"elementor-widget-wrap elementor-element-populated\">\n\t\t\t\t\t\t<div class=\"elementor-element elementor-element-9a01424 elementor-widget elementor-widget-image-box\" data-id=\"9a01424\" data-element_type=\"widget\" data-e-type=\"widget\" data-widget_type=\"image-box.default\">\n\t\t\t\t\t<div class=\"elementor-image-box-wrapper\"><div class=\"elementor-image-box-content\"><h3 class=\"elementor-image-box-title\">Turisme a l'Anoia<\/h3><p class=\"elementor-image-box-description\">La comarca de l'Anoia ofereix comer\u00e7, cultura i natura<\/p><\/div><\/div>\t\t\t\t<\/div>\n\t\t\t\t<div class=\"elementor-element elementor-element-407f7790 elementor-align-center elementor-widget elementor-widget-button\" data-id=\"407f7790\" data-element_type=\"widget\" data-e-type=\"widget\" data-widget_type=\"button.default\">\n\t\t\t\t\t\t\t\t\t\t<a class=\"elementor-button elementor-button-link elementor-size-sm\" href=\"https:\/\/anoiaturisme.cat\/\" target=\"_blank\">\n\t\t\t\t\t\t<span class=\"elementor-button-content-wrapper\">\n\t\t\t\t\t\t\t\t\t<span class=\"elementor-button-text\">M\u00e9s informaci\u00f3<\/span>\n\t\t\t\t\t<\/span>\n\t\t\t\t\t<\/a>\n\t\t\t\t\t\t\t\t<\/div>\n\t\t\t\t\t<\/div>\n\t\t<\/div>\n\t\t\t\t<div class=\"elementor-column elementor-col-50 elementor-inner-column elementor-element elementor-element-a939747\" data-id=\"a939747\" data-element_type=\"column\" data-e-type=\"column\">\n\t\t\t<div class=\"elementor-widget-wrap elementor-element-populated\">\n\t\t\t\t\t\t<div class=\"elementor-element elementor-element-7dda2ded elementor-widget elementor-widget-image-box\" data-id=\"7dda2ded\" data-element_type=\"widget\" data-e-type=\"widget\" data-widget_type=\"image-box.default\">\n\t\t\t\t\t<div class=\"elementor-image-box-wrapper\"><div class=\"elementor-image-box-content\"><h3 class=\"elementor-image-box-title\">Excursions de senderisme, BTT<\/h3><p class=\"elementor-image-box-description\">L'entorn \u00e9s molt c\u00f2mode i agradabe per fer excursions m\u00e9s o menys llargues<\/p><\/div><\/div>\t\t\t\t<\/div>\n\t\t\t\t<div class=\"elementor-element elementor-element-31611f4f elementor-align-center elementor-widget elementor-widget-button\" data-id=\"31611f4f\" data-element_type=\"widget\" data-e-type=\"widget\" data-widget_type=\"button.default\">\n\t\t\t\t\t\t\t\t\t\t<a class=\"elementor-button elementor-button-link elementor-size-sm\" href=\"https:\/\/ca.wikiloc.com\/wikiloc\/map.do?sw=-89.999%2C-179.999&#038;ne=89.999%2C179.999&#038;q=Anoia&#038;fitMapToTrails=1&#038;page=1\" target=\"_blank\">\n\t\t\t\t\t\t<span class=\"elementor-button-content-wrapper\">\n\t\t\t\t\t\t\t\t\t<span class=\"elementor-button-text\">Descobrir rutes<\/span>\n\t\t\t\t\t<\/span>\n\t\t\t\t\t<\/a>\n\t\t\t\t\t\t\t\t<\/div>\n\t\t\t\t\t<\/div>\n\t\t<\/div>\n\t\t\t\t\t<\/div>\n\t\t<\/section>\n\t\t\t\t\t<\/div>\n\t\t<\/div>\n\t\t\t\t\t<\/div>\n\t\t<\/section>\n\t\t\t\t<section class=\"elementor-section elementor-top-section elementor-element elementor-element-9a4d18b elementor-section-boxed elementor-section-height-default elementor-section-height-default\" data-id=\"9a4d18b\" data-element_type=\"section\" data-e-type=\"section\">\n\t\t\t\t\t\t<div class=\"elementor-container elementor-column-gap-default\">\n\t\t\t\t\t<div class=\"elementor-column elementor-col-100 elementor-top-column elementor-element elementor-element-306ef37\" data-id=\"306ef37\" data-element_type=\"column\" data-e-type=\"column\">\n\t\t\t<div class=\"elementor-widget-wrap elementor-element-populated\">\n\t\t\t\t\t\t<div class=\"elementor-element elementor-element-728686c elementor-widget elementor-widget-video\" data-id=\"728686c\" data-element_type=\"widget\" data-e-type=\"widget\" data-settings=\"{&quot;youtube_url&quot;:&quot;https:\\\/\\\/youtu.be\\\/lVhYmYMTnT0&quot;,&quot;start&quot;:3,&quot;autoplay&quot;:&quot;yes&quot;,&quot;mute&quot;:&quot;yes&quot;,&quot;video_type&quot;:&quot;youtube&quot;,&quot;controls&quot;:&quot;yes&quot;}\" data-widget_type=\"video.default\">\n\t\t\t\t\t\t\t<div class=\"elementor-wrapper elementor-open-inline\">\n\t\t\t<div class=\"elementor-video\"><\/div>\t\t<\/div>\n\t\t\t\t\t\t<\/div>\n\t\t\t\t\t<\/div>\n\t\t<\/div>\n\t\t\t\t\t<\/div>\n\t\t<\/section>\n\t\t\t\t<\/div>\n\t\t","protected":false},"excerpt":{"rendered":"<p>A part dels serveis de la casa, t&#8217;oferim un entorn amb oportunitats La Caseta Espai d&#8217;esbarjo infantil disponible Piscina Espai de piscina amb p\u00e8rgola\u00a0 P\u00e8rgola Espai obert a l&#8217;exterior on poder fer \u00e0pats, trobades i\/o reunions a l&#8217;aire lliure Barbacoa Opci\u00f3 de fer brasa en temporada d&#8217;hivern Tamb\u00e9 inclou una zona d&#8217;aparcament, jard\u00ed i espai [&hellip;]<\/p>\n","protected":false},"author":1,"featured_media":0,"parent":0,"menu_order":0,"comment_status":"closed","ping_status":"closed","template":"","meta":{"_eb_attr":"","footnotes":""},"class_list":["post-46","page","type-page","status-publish","hentry"],"aioseo_notices":[],"jetpack_sharing_enabled":true,"_links":{"self":[{"href":"https:\/\/canperemarti.cat\/index.php\/wp-json\/wp\/v2\/pages\/46","targetHints":{"allow":["GET"]}}],"collection":[{"href":"https:\/\/canperemarti.cat\/index.php\/wp-json\/wp\/v2\/pages"}],"about":[{"href":"https:\/\/canperemarti.cat\/index.php\/wp-json\/wp\/v2\/types\/page"}],"author":[{"embeddable":true,"href":"https:\/\/canperemarti.cat\/index.php\/wp-json\/wp\/v2\/users\/1"}],"replies":[{"embeddable":true,"href":"https:\/\/canperemarti.cat\/index.php\/wp-json\/wp\/v2\/comments?post=46"}],"version-history":[{"count":48,"href":"https:\/\/canperemarti.cat\/index.php\/wp-json\/wp\/v2\/pages\/46\/revisions"}],"predecessor-version":[{"id":856,"href":"https:\/\/canperemarti.cat\/index.php\/wp-json\/wp\/v2\/pages\/46\/revisions\/856"}],"wp:attachment":[{"href":"https:\/\/canperemarti.cat\/index.php\/wp-json\/wp\/v2\/media?parent=46"}],"curies":[{"name":"wp","href":"https:\/\/api.w.org\/{rel}","templated":true}]}}