{"id":77,"date":"2021-12-28T11:49:32","date_gmt":"2021-12-28T11:49:32","guid":{"rendered":"https:\/\/canperemarti.cat\/?page_id=77"},"modified":"2025-05-30T09:37:27","modified_gmt":"2025-05-30T09:37:27","slug":"tarifes","status":"publish","type":"page","link":"https:\/\/canperemarti.cat\/index.php\/tarifes\/","title":{"rendered":"Tarifes"},"content":{"rendered":"\t\t<div data-elementor-type=\"wp-page\" data-elementor-id=\"77\" class=\"elementor elementor-77\">\n\t\t\t\t\t\t<section class=\"elementor-section elementor-top-section elementor-element elementor-element-a4e22f9 elementor-section-boxed elementor-section-height-default elementor-section-height-default\" data-id=\"a4e22f9\" data-element_type=\"section\" data-e-type=\"section\">\n\t\t\t\t\t\t<div class=\"elementor-container elementor-column-gap-default\">\n\t\t\t\t\t<div class=\"elementor-column elementor-col-100 elementor-top-column elementor-element elementor-element-0119efa\" data-id=\"0119efa\" data-element_type=\"column\" data-e-type=\"column\">\n\t\t\t<div class=\"elementor-widget-wrap elementor-element-populated\">\n\t\t\t\t\t\t<div class=\"elementor-element elementor-element-6f5be92 elementor-widget elementor-widget-heading\" data-id=\"6f5be92\" data-element_type=\"widget\" data-e-type=\"widget\" data-widget_type=\"heading.default\">\n\t\t\t\t\t<h2 class=\"elementor-heading-title elementor-size-default\">Tarifes <\/h2>\t\t\t\t<\/div>\n\t\t\t\t\t<\/div>\n\t\t<\/div>\n\t\t\t\t\t<\/div>\n\t\t<\/section>\n\t\t\t\t<section class=\"elementor-section elementor-top-section elementor-element elementor-element-21ac48d elementor-section-boxed elementor-section-height-default elementor-section-height-default\" data-id=\"21ac48d\" data-element_type=\"section\" data-e-type=\"section\">\n\t\t\t\t\t\t<div class=\"elementor-container elementor-column-gap-default\">\n\t\t\t\t\t<div class=\"elementor-column elementor-col-100 elementor-top-column elementor-element elementor-element-8865828\" data-id=\"8865828\" data-element_type=\"column\" data-e-type=\"column\">\n\t\t\t<div class=\"elementor-widget-wrap elementor-element-populated\">\n\t\t\t\t\t\t<div class=\"elementor-element elementor-element-3c79b69 elementor-widget elementor-widget-spacer\" data-id=\"3c79b69\" data-element_type=\"widget\" data-e-type=\"widget\" data-widget_type=\"spacer.default\">\n\t\t\t\t\t\t\t<div class=\"elementor-spacer\">\n\t\t\t<div class=\"elementor-spacer-inner\"><\/div>\n\t\t<\/div>\n\t\t\t\t\t\t<\/div>\n\t\t\t\t\t<\/div>\n\t\t<\/div>\n\t\t\t\t\t<\/div>\n\t\t<\/section>\n\t\t\t\t<section class=\"elementor-section elementor-top-section elementor-element elementor-element-4b02a74 elementor-section-boxed elementor-section-height-default elementor-section-height-default\" data-id=\"4b02a74\" data-element_type=\"section\" data-e-type=\"section\">\n\t\t\t\t\t\t<div class=\"elementor-container elementor-column-gap-default\">\n\t\t\t\t\t<div class=\"elementor-column elementor-col-100 elementor-top-column elementor-element elementor-element-b66af30\" data-id=\"b66af30\" data-element_type=\"column\" data-e-type=\"column\">\n\t\t\t<div class=\"elementor-widget-wrap elementor-element-populated\">\n\t\t\t\t\t\t<div class=\"elementor-element elementor-element-8815460 elementor-widget elementor-widget-heading\" data-id=\"8815460\" data-element_type=\"widget\" data-e-type=\"widget\" data-widget_type=\"heading.default\">\n\t\t\t\t\t<h2 class=\"elementor-heading-title elementor-size-default\">Aqu\u00ed pots consultar els preus establerts, si la teva teva petici\u00f3 no hi apareix, no dubtis en fer la teva consulta<\/h2>\t\t\t\t<\/div>\n\t\t\t\t\t<\/div>\n\t\t<\/div>\n\t\t\t\t\t<\/div>\n\t\t<\/section>\n\t\t\t\t<section class=\"elementor-section elementor-top-section elementor-element elementor-element-25390fe elementor-section-boxed elementor-section-height-default elementor-section-height-default\" data-id=\"25390fe\" data-element_type=\"section\" data-e-type=\"section\">\n\t\t\t\t\t\t<div class=\"elementor-container elementor-column-gap-default\">\n\t\t\t\t\t<div class=\"elementor-column elementor-col-100 elementor-top-column elementor-element elementor-element-04789b1\" data-id=\"04789b1\" data-element_type=\"column\" data-e-type=\"column\">\n\t\t\t<div class=\"elementor-widget-wrap elementor-element-populated\">\n\t\t\t\t\t\t<div class=\"elementor-element elementor-element-158efc3 elementor-widget elementor-widget-spacer\" data-id=\"158efc3\" data-element_type=\"widget\" data-e-type=\"widget\" data-widget_type=\"spacer.default\">\n\t\t\t\t\t\t\t<div class=\"elementor-spacer\">\n\t\t\t<div class=\"elementor-spacer-inner\"><\/div>\n\t\t<\/div>\n\t\t\t\t\t\t<\/div>\n\t\t\t\t\t<\/div>\n\t\t<\/div>\n\t\t\t\t\t<\/div>\n\t\t<\/section>\n\t\t\t\t<section class=\"elementor-section elementor-top-section elementor-element elementor-element-b497592 elementor-section-boxed elementor-section-height-default elementor-section-height-default\" data-id=\"b497592\" data-element_type=\"section\" data-e-type=\"section\">\n\t\t\t\t\t\t<div class=\"elementor-container elementor-column-gap-default\">\n\t\t\t\t\t<div class=\"elementor-column elementor-col-50 elementor-top-column elementor-element elementor-element-1f8f62c\" data-id=\"1f8f62c\" data-element_type=\"column\" data-e-type=\"column\">\n\t\t\t<div class=\"elementor-widget-wrap elementor-element-populated\">\n\t\t\t\t\t\t<div class=\"elementor-element elementor-element-bf33174 elementor-widget elementor-widget-heading\" data-id=\"bf33174\" data-element_type=\"widget\" data-e-type=\"widget\" data-widget_type=\"heading.default\">\n\t\t\t\t\t<h2 class=\"elementor-heading-title elementor-size-default\">La casa gran. <br>8 persones.<\/h2>\t\t\t\t<\/div>\n\t\t\t\t<div class=\"elementor-element elementor-element-a3b2e22 elementor-widget elementor-widget-heading\" data-id=\"a3b2e22\" data-element_type=\"widget\" data-e-type=\"widget\" data-widget_type=\"heading.default\">\n\t\t\t\t\t<h2 class=\"elementor-heading-title elementor-size-default\">560\u20ac el cap de setmana - 2 nits<br>1500\u20ac la setmana sencera - 6 nits<\/h2>\t\t\t\t<\/div>\n\t\t\t\t<div class=\"elementor-element elementor-element-4aed545 elementor-widget elementor-widget-heading\" data-id=\"4aed545\" data-element_type=\"widget\" data-e-type=\"widget\" data-widget_type=\"heading.default\">\n\t\t\t\t\t<h2 class=\"elementor-heading-title elementor-size-default\">El llit supletori t\u00e9 un valor de 20\u20ac\/nit<br>El llit bressol s\u00f3n 3\u20ac\/estada<br>Una mascota s\u00f3n 5\u20ac\/dia <\/h2>\t\t\t\t<\/div>\n\t\t\t\t<div class=\"elementor-element elementor-element-19031ba elementor-widget elementor-widget-heading\" data-id=\"19031ba\" data-element_type=\"widget\" data-e-type=\"widget\" data-widget_type=\"heading.default\">\n\t\t\t\t\t<h2 class=\"elementor-heading-title elementor-size-default\">Si es tracten de dies de temporada alta el cost m\u00ednim \u00e9s de 750\u20ac - 2 nits<\/h2>\t\t\t\t<\/div>\n\t\t\t\t\t<\/div>\n\t\t<\/div>\n\t\t\t\t<div class=\"elementor-column elementor-col-50 elementor-top-column elementor-element elementor-element-59af6fe\" data-id=\"59af6fe\" data-element_type=\"column\" data-e-type=\"column\">\n\t\t\t<div class=\"elementor-widget-wrap elementor-element-populated\">\n\t\t\t\t\t\t<div class=\"elementor-element elementor-element-4fc8bc7 elementor-widget elementor-widget-image\" data-id=\"4fc8bc7\" data-element_type=\"widget\" data-e-type=\"widget\" data-widget_type=\"image.default\">\n\t\t\t\t\t\t\t\t\t\t\t\t\t\t\t<img decoding=\"async\" src=\"https:\/\/canperemarti.cat\/wp-content\/uploads\/elementor\/thumbs\/CASA-GRAN-2-scaled-qj34f6uhzscpc7cx4oanch7hkc6r0ujfmzmskkjfd4.jpg\" title=\"CASA-GRAN-2\" alt=\"CASA-GRAN-2\" loading=\"lazy\" \/>\t\t\t\t\t\t\t\t\t\t\t\t\t\t\t<\/div>\n\t\t\t\t\t<\/div>\n\t\t<\/div>\n\t\t\t\t\t<\/div>\n\t\t<\/section>\n\t\t\t\t<section class=\"elementor-section elementor-top-section elementor-element elementor-element-bfb1183 elementor-section-boxed elementor-section-height-default elementor-section-height-default\" data-id=\"bfb1183\" data-element_type=\"section\" data-e-type=\"section\">\n\t\t\t\t\t\t<div class=\"elementor-container elementor-column-gap-default\">\n\t\t\t\t\t<div class=\"elementor-column elementor-col-100 elementor-top-column elementor-element elementor-element-76466ae\" data-id=\"76466ae\" data-element_type=\"column\" data-e-type=\"column\">\n\t\t\t<div class=\"elementor-widget-wrap elementor-element-populated\">\n\t\t\t\t\t\t<div class=\"elementor-element elementor-element-41f3fd7 elementor-widget elementor-widget-spacer\" data-id=\"41f3fd7\" data-element_type=\"widget\" data-e-type=\"widget\" data-widget_type=\"spacer.default\">\n\t\t\t\t\t\t\t<div class=\"elementor-spacer\">\n\t\t\t<div class=\"elementor-spacer-inner\"><\/div>\n\t\t<\/div>\n\t\t\t\t\t\t<\/div>\n\t\t\t\t\t<\/div>\n\t\t<\/div>\n\t\t\t\t\t<\/div>\n\t\t<\/section>\n\t\t\t\t<section class=\"elementor-section elementor-top-section elementor-element elementor-element-484713f elementor-section-boxed elementor-section-height-default elementor-section-height-default\" data-id=\"484713f\" data-element_type=\"section\" data-e-type=\"section\">\n\t\t\t\t\t\t<div class=\"elementor-container elementor-column-gap-default\">\n\t\t\t\t\t<div class=\"elementor-column elementor-col-100 elementor-top-column elementor-element elementor-element-6296d9b\" data-id=\"6296d9b\" data-element_type=\"column\" data-e-type=\"column\">\n\t\t\t<div class=\"elementor-widget-wrap elementor-element-populated\">\n\t\t\t\t\t\t<div class=\"elementor-element elementor-element-1b77e8c elementor-widget elementor-widget-spacer\" data-id=\"1b77e8c\" data-element_type=\"widget\" data-e-type=\"widget\" data-widget_type=\"spacer.default\">\n\t\t\t\t\t\t\t<div class=\"elementor-spacer\">\n\t\t\t<div class=\"elementor-spacer-inner\"><\/div>\n\t\t<\/div>\n\t\t\t\t\t\t<\/div>\n\t\t\t\t\t<\/div>\n\t\t<\/div>\n\t\t\t\t\t<\/div>\n\t\t<\/section>\n\t\t\t\t<section class=\"elementor-section elementor-top-section elementor-element elementor-element-d0ded13 elementor-section-height-min-height elementor-section-boxed elementor-section-height-default elementor-section-items-middle\" data-id=\"d0ded13\" data-element_type=\"section\" data-e-type=\"section\" data-settings=\"{&quot;background_background&quot;:&quot;classic&quot;}\">\n\t\t\t\t\t\t<div class=\"elementor-container elementor-column-gap-wide\">\n\t\t\t\t\t<div class=\"elementor-column elementor-col-50 elementor-top-column elementor-element elementor-element-07859e1\" data-id=\"07859e1\" data-element_type=\"column\" data-e-type=\"column\">\n\t\t\t<div class=\"elementor-widget-wrap elementor-element-populated\">\n\t\t\t\t\t\t<div class=\"elementor-element elementor-element-7657694 elementor-widget elementor-widget-heading\" data-id=\"7657694\" data-element_type=\"widget\" data-e-type=\"widget\" data-widget_type=\"heading.default\">\n\t\t\t\t\t<h2 class=\"elementor-heading-title elementor-size-default\">Temporada alta<\/h2>\t\t\t\t<\/div>\n\t\t\t\t<div class=\"elementor-element elementor-element-b528154 elementor-widget elementor-widget-spacer\" data-id=\"b528154\" data-element_type=\"widget\" data-e-type=\"widget\" data-widget_type=\"spacer.default\">\n\t\t\t\t\t\t\t<div class=\"elementor-spacer\">\n\t\t\t<div class=\"elementor-spacer-inner\"><\/div>\n\t\t<\/div>\n\t\t\t\t\t\t<\/div>\n\t\t\t\t<div class=\"elementor-element elementor-element-d3ea993 elementor-widget elementor-widget-heading\" data-id=\"d3ea993\" data-element_type=\"widget\" data-e-type=\"widget\" data-widget_type=\"heading.default\">\n\t\t\t\t\t<h2 class=\"elementor-heading-title elementor-size-default\"><span style=\"font-family: Ovo, sans-serif;font-size: 30px;font-weight: 400\">Els seg\u00fcents dies tenen modificacions als preus:<\/span><br><br><span style=\"font-family: Ovo, sans-serif;font-size: 30px;font-weight: 400\">Setmana Santa del 3 al 10  d'abril<\/span><br><br><span style=\"font-family: Ovo, sans-serif;font-size: 30px;font-weight: 400\">Pont de l'1 de maig<\/span><br><br><span style=\"font-family: Ovo, sans-serif;font-size: 30px;font-weight: 400\">Sant Joan del 23 al 26 de juny<\/span><br><br><\/h2>\t\t\t\t<\/div>\n\t\t\t\t\t<\/div>\n\t\t<\/div>\n\t\t\t\t<div class=\"elementor-column elementor-col-50 elementor-top-column elementor-element elementor-element-231af10\" data-id=\"231af10\" data-element_type=\"column\" data-e-type=\"column\">\n\t\t\t<div class=\"elementor-widget-wrap elementor-element-populated\">\n\t\t\t\t\t\t<div class=\"elementor-element elementor-element-d2d2649 elementor-widget elementor-widget-heading\" data-id=\"d2d2649\" data-element_type=\"widget\" data-e-type=\"widget\" data-widget_type=\"heading.default\">\n\t\t\t\t\t<h2 class=\"elementor-heading-title elementor-size-default\"><br><br><font color=\"#4a4a4a\" face=\"Ovo, sans-serif\"><span style=\"font-size: 30px;font-weight: 400\">Pont del Pilar del 12 al 15 d'octubre<\/span><\/font><br><br><span style=\"font-weight: 400;letter-spacing: normal;white-space: normal;font-family: Ovo, sans-serif;font-size: 30px\">Pont de la Pur\u00edssima del 8 al 10 de desembre<\/span><br style=\", sans-serif;font-size: 16px;font-weight: 400;letter-spacing: normal;white-space: normal\"><br style=\", sans-serif;font-size: 16px;font-weight: 400;letter-spacing: normal;white-space: normal\"><span style=\"font-weight: 400;letter-spacing: normal;white-space: normal;font-family: Ovo, sans-serif;font-size: 30px\">Cap d'Any del 30 de desembre al 2 de gener<\/span><br><br><\/h2>\t\t\t\t<\/div>\n\t\t\t\t\t<\/div>\n\t\t<\/div>\n\t\t\t\t\t<\/div>\n\t\t<\/section>\n\t\t\t\t<section class=\"elementor-section elementor-top-section elementor-element elementor-element-1742bd1a elementor-section-height-min-height elementor-section-items-stretch elementor-section-content-middle elementor-section-boxed elementor-section-height-default\" data-id=\"1742bd1a\" data-element_type=\"section\" data-e-type=\"section\">\n\t\t\t\t\t\t<div class=\"elementor-container elementor-column-gap-no\">\n\t\t\t\t\t<div class=\"elementor-column elementor-col-66 elementor-top-column elementor-element elementor-element-1c14431c\" data-id=\"1c14431c\" data-element_type=\"column\" data-e-type=\"column\">\n\t\t\t<div class=\"elementor-widget-wrap elementor-element-populated\">\n\t\t\t\t\t\t<div class=\"elementor-element elementor-element-84d3550 elementor-widget elementor-widget-heading\" data-id=\"84d3550\" data-element_type=\"widget\" data-e-type=\"widget\" data-widget_type=\"heading.default\">\n\t\t\t\t\t<h2 class=\"elementor-heading-title elementor-size-default\">Condicions<\/h2>\t\t\t\t<\/div>\n\t\t\t\t<div class=\"elementor-element elementor-element-7298869d elementor-widget elementor-widget-text-editor\" data-id=\"7298869d\" data-element_type=\"widget\" data-e-type=\"widget\" data-widget_type=\"text-editor.default\">\n\t\t\t\t\t\t\t\t\t<p>La reserva es confirma quan s&#8217;abona el 30% de l&#8217;import total, mitjan\u00e7ant transfer\u00e8ncia banc\u00e0ria.<\/p><p>Es cobren dues nits m\u00ednimes.<\/p><p>La resta del pagament es far\u00e0 a l&#8217;arribar en efectiu o bizum.<\/p><p>Les visites que no s&#8217;allotgin es cobraran a 5\u20ac\/dia<\/p>\t\t\t\t\t\t\t\t<\/div>\n\t\t\t\t\t<\/div>\n\t\t<\/div>\n\t\t\t\t<div class=\"elementor-column elementor-col-33 elementor-top-column elementor-element elementor-element-2010d3b8\" data-id=\"2010d3b8\" data-element_type=\"column\" data-e-type=\"column\" data-settings=\"{&quot;background_background&quot;:&quot;classic&quot;}\">\n\t\t\t<div class=\"elementor-widget-wrap elementor-element-populated\">\n\t\t\t\t\t<div class=\"elementor-background-overlay\"><\/div>\n\t\t\t\t\t\t<div class=\"elementor-element elementor-element-4e23cfa elementor-widget__width-auto elementor-widget elementor-widget-image\" data-id=\"4e23cfa\" data-element_type=\"widget\" data-e-type=\"widget\" data-widget_type=\"image.default\">\n\t\t\t\t\t\t\t\t\t\t\t\t\t\t\t<img fetchpriority=\"high\" decoding=\"async\" width=\"768\" height=\"1024\" src=\"https:\/\/canperemarti.cat\/wp-content\/uploads\/2022\/01\/RACO-2-768x1024.jpg\" class=\"attachment-large size-large wp-image-226\" alt=\"\" srcset=\"https:\/\/canperemarti.cat\/wp-content\/uploads\/2022\/01\/RACO-2-768x1024.jpg 768w, https:\/\/canperemarti.cat\/wp-content\/uploads\/2022\/01\/RACO-2-225x300.jpg 225w, https:\/\/canperemarti.cat\/wp-content\/uploads\/2022\/01\/RACO-2-1152x1536.jpg 1152w, https:\/\/canperemarti.cat\/wp-content\/uploads\/2022\/01\/RACO-2-1536x2048.jpg 1536w, https:\/\/canperemarti.cat\/wp-content\/uploads\/2022\/01\/RACO-2-1200x1600.jpg 1200w, https:\/\/canperemarti.cat\/wp-content\/uploads\/2022\/01\/RACO-2-1980x2640.jpg 1980w, https:\/\/canperemarti.cat\/wp-content\/uploads\/2022\/01\/RACO-2-scaled.jpg 1920w\" sizes=\"(max-width: 768px) 100vw, 768px\" \/>\t\t\t\t\t\t\t\t\t\t\t\t\t\t\t<\/div>\n\t\t\t\t\t<\/div>\n\t\t<\/div>\n\t\t\t\t\t<\/div>\n\t\t<\/section>\n\t\t\t\t<section class=\"elementor-section elementor-top-section elementor-element elementor-element-72d03f2 elementor-section-boxed elementor-section-height-default elementor-section-height-default\" data-id=\"72d03f2\" data-element_type=\"section\" data-e-type=\"section\" data-settings=\"{&quot;background_background&quot;:&quot;classic&quot;}\">\n\t\t\t\t\t\t<div class=\"elementor-container elementor-column-gap-default\">\n\t\t\t\t\t<div class=\"elementor-column elementor-col-50 elementor-top-column elementor-element elementor-element-1129694\" data-id=\"1129694\" data-element_type=\"column\" data-e-type=\"column\">\n\t\t\t<div class=\"elementor-widget-wrap elementor-element-populated\">\n\t\t\t\t\t\t<div class=\"elementor-element elementor-element-53364a2 elementor-widget elementor-widget-spacer\" data-id=\"53364a2\" data-element_type=\"widget\" data-e-type=\"widget\" data-widget_type=\"spacer.default\">\n\t\t\t\t\t\t\t<div class=\"elementor-spacer\">\n\t\t\t<div class=\"elementor-spacer-inner\"><\/div>\n\t\t<\/div>\n\t\t\t\t\t\t<\/div>\n\t\t\t\t<div class=\"elementor-element elementor-element-77e5c91 elementor-widget elementor-widget-text-editor\" data-id=\"77e5c91\" data-element_type=\"widget\" data-e-type=\"widget\" data-widget_type=\"text-editor.default\">\n\t\t\t\t\t\t\t\t\t<p>Si ja ho tens clar o vols consultar algun dubte, contacta&#8217;ns!<\/p>\t\t\t\t\t\t\t\t<\/div>\n\t\t\t\t<div class=\"elementor-element elementor-element-e58a27b elementor-widget elementor-widget-spacer\" data-id=\"e58a27b\" data-element_type=\"widget\" data-e-type=\"widget\" data-widget_type=\"spacer.default\">\n\t\t\t\t\t\t\t<div class=\"elementor-spacer\">\n\t\t\t<div class=\"elementor-spacer-inner\"><\/div>\n\t\t<\/div>\n\t\t\t\t\t\t<\/div>\n\t\t\t\t\t<\/div>\n\t\t<\/div>\n\t\t\t\t<div class=\"elementor-column elementor-col-50 elementor-top-column elementor-element elementor-element-ddca597\" data-id=\"ddca597\" data-element_type=\"column\" data-e-type=\"column\">\n\t\t\t<div class=\"elementor-widget-wrap elementor-element-populated\">\n\t\t\t\t\t\t<div class=\"elementor-element elementor-element-e21eb09 elementor-widget elementor-widget-spacer\" data-id=\"e21eb09\" data-element_type=\"widget\" data-e-type=\"widget\" data-widget_type=\"spacer.default\">\n\t\t\t\t\t\t\t<div class=\"elementor-spacer\">\n\t\t\t<div class=\"elementor-spacer-inner\"><\/div>\n\t\t<\/div>\n\t\t\t\t\t\t<\/div>\n\t\t\t\t<div class=\"elementor-element elementor-element-579dd50 elementor-align-center elementor-widget elementor-widget-button\" data-id=\"579dd50\" data-element_type=\"widget\" data-e-type=\"widget\" data-widget_type=\"button.default\">\n\t\t\t\t\t\t\t\t\t\t<a class=\"elementor-button elementor-button-link elementor-size-sm\" href=\"https:\/\/canperemarti.cat\/index.php\/contactans\/\">\n\t\t\t\t\t\t<span class=\"elementor-button-content-wrapper\">\n\t\t\t\t\t\t\t\t\t<span class=\"elementor-button-text\">Com contacto?<\/span>\n\t\t\t\t\t<\/span>\n\t\t\t\t\t<\/a>\n\t\t\t\t\t\t\t\t<\/div>\n\t\t\t\t\t<\/div>\n\t\t<\/div>\n\t\t\t\t\t<\/div>\n\t\t<\/section>\n\t\t\t\t<\/div>\n\t\t","protected":false},"excerpt":{"rendered":"<p>Tarifes Aqu\u00ed pots consultar els preus establerts, si la teva teva petici\u00f3 no hi apareix, no dubtis en fer la teva consulta La casa gran. 8 persones. 560\u20ac el cap de setmana &#8211; 2 nits1500\u20ac la setmana sencera &#8211; 6 nits El llit supletori t\u00e9 un valor de 20\u20ac\/nitEl llit bressol s\u00f3n 3\u20ac\/estadaUna mascota s\u00f3n [&hellip;]<\/p>\n","protected":false},"author":1,"featured_media":0,"parent":0,"menu_order":0,"comment_status":"closed","ping_status":"closed","template":"","meta":{"_eb_attr":"","footnotes":""},"class_list":["post-77","page","type-page","status-publish","hentry"],"aioseo_notices":[],"jetpack_sharing_enabled":true,"_links":{"self":[{"href":"https:\/\/canperemarti.cat\/index.php\/wp-json\/wp\/v2\/pages\/77","targetHints":{"allow":["GET"]}}],"collection":[{"href":"https:\/\/canperemarti.cat\/index.php\/wp-json\/wp\/v2\/pages"}],"about":[{"href":"https:\/\/canperemarti.cat\/index.php\/wp-json\/wp\/v2\/types\/page"}],"author":[{"embeddable":true,"href":"https:\/\/canperemarti.cat\/index.php\/wp-json\/wp\/v2\/users\/1"}],"replies":[{"embeddable":true,"href":"https:\/\/canperemarti.cat\/index.php\/wp-json\/wp\/v2\/comments?post=77"}],"version-history":[{"count":79,"href":"https:\/\/canperemarti.cat\/index.php\/wp-json\/wp\/v2\/pages\/77\/revisions"}],"predecessor-version":[{"id":946,"href":"https:\/\/canperemarti.cat\/index.php\/wp-json\/wp\/v2\/pages\/77\/revisions\/946"}],"wp:attachment":[{"href":"https:\/\/canperemarti.cat\/index.php\/wp-json\/wp\/v2\/media?parent=77"}],"curies":[{"name":"wp","href":"https:\/\/api.w.org\/{rel}","templated":true}]}}